{"id":621,"date":"2025-10-22T02:30:23","date_gmt":"2025-10-22T02:30:23","guid":{"rendered":"https:\/\/inmoyang.eu\/?page_id=621"},"modified":"2025-10-25T17:11:29","modified_gmt":"2025-10-25T17:11:29","slug":"mercado-chino","status":"publish","type":"page","link":"https:\/\/inmoyang.eu\/en\/mercado-chino\/","title":{"rendered":"Mercado Chino"},"content":{"rendered":"<div data-elementor-type=\"wp-page\" data-elementor-id=\"621\" class=\"elementor elementor-621\" data-elementor-post-type=\"page\">\n\t\t\t\t<div class=\"elementor-element elementor-element-562f3a3d e-flex e-con-boxed e-con e-parent\" data-id=\"562f3a3d\" data-element_type=\"container\" data-settings=\"{&quot;background_background&quot;:&quot;classic&quot;}\">\n\t\t\t\t\t<div class=\"e-con-inner\">\n\t\t<div class=\"elementor-element elementor-element-3a200d04 e-con-full e-flex e-con e-child\" data-id=\"3a200d04\" data-element_type=\"container\">\n\t\t\t\t<div class=\"elementor-element elementor-element-556fe089 elementor-widget elementor-widget-heading\" data-id=\"556fe089\" data-element_type=\"widget\" data-widget_type=\"heading.default\">\n\t\t\t\t<div class=\"elementor-widget-container\">\n\t\t\t\t\t<h1 class=\"elementor-heading-title elementor-size-default\">YOUR REAL ESTATE AGENCY<\/h1>\t\t\t\t<\/div>\n\t\t\t\t<\/div>\n\t\t\t\t<\/div>\n\t\t<div class=\"elementor-element elementor-element-237162bd e-con-full e-flex e-con e-child\" data-id=\"237162bd\" data-element_type=\"container\">\n\t\t\t\t<div class=\"elementor-element elementor-element-c71b3f7 elementor-widget elementor-widget-image\" data-id=\"c71b3f7\" data-element_type=\"widget\" data-widget_type=\"image.default\">\n\t\t\t\t<div class=\"elementor-widget-container\">\n\t\t\t\t\t\t\t\t\t\t\t\t\t\t\t<img fetchpriority=\"high\" decoding=\"async\" width=\"1024\" height=\"569\" src=\"https:\/\/inmoyang.eu\/wp-content\/uploads\/2025\/01\/transparenteL-rectangular-1024x569.png\" class=\"attachment-large size-large wp-image-393\" alt=\"\" srcset=\"https:\/\/inmoyang.eu\/wp-content\/uploads\/2025\/01\/transparenteL-rectangular-1024x569.png 1024w, https:\/\/inmoyang.eu\/wp-content\/uploads\/2025\/01\/transparenteL-rectangular-300x167.png 300w, https:\/\/inmoyang.eu\/wp-content\/uploads\/2025\/01\/transparenteL-rectangular-768x427.png 768w, https:\/\/inmoyang.eu\/wp-content\/uploads\/2025\/01\/transparenteL-rectangular-18x10.png 18w, https:\/\/inmoyang.eu\/wp-content\/uploads\/2025\/01\/transparenteL-rectangular.png 1080w\" sizes=\"(max-width: 1024px) 100vw, 1024px\" \/>\t\t\t\t\t\t\t\t\t\t\t\t\t\t\t<\/div>\n\t\t\t\t<\/div>\n\t\t\t\t<\/div>\n\t\t\t\t\t<\/div>\n\t\t\t\t<\/div>\n\t\t<div class=\"elementor-element elementor-element-c4f45a8 e-con-full e-flex e-con e-parent\" data-id=\"c4f45a8\" data-element_type=\"container\">\n\t\t<div class=\"elementor-element elementor-element-56a511de e-con-full e-flex e-con e-child\" data-id=\"56a511de\" data-element_type=\"container\" data-settings=\"{&quot;background_background&quot;:&quot;classic&quot;}\">\n\t\t<div class=\"elementor-element elementor-element-6923195d e-flex e-con-boxed e-con e-child\" data-id=\"6923195d\" data-element_type=\"container\" data-settings=\"{&quot;background_background&quot;:&quot;classic&quot;}\">\n\t\t\t\t\t<div class=\"e-con-inner\">\n\t\t\t\t<div class=\"elementor-element elementor-element-db6985f elementor-widget elementor-widget-heading\" data-id=\"db6985f\" data-element_type=\"widget\" data-widget_type=\"heading.default\">\n\t\t\t\t<div class=\"elementor-widget-container\">\n\t\t\t\t\t<h2 class=\"elementor-heading-title elementor-size-default\">Expertos En Traspasos y Venta de Locales con Negocio<\/h2>\t\t\t\t<\/div>\n\t\t\t\t<\/div>\n\t\t\t\t\t<\/div>\n\t\t\t\t<\/div>\n\t\t<div class=\"elementor-element elementor-element-6b8b3500 e-con-full e-flex e-con e-child\" data-id=\"6b8b3500\" data-element_type=\"container\">\n\t\t<div class=\"elementor-element elementor-element-9338c14 e-con-full e-flex e-con e-child\" data-id=\"9338c14\" data-element_type=\"container\">\n\t\t\t\t<div class=\"elementor-element elementor-element-653d048d elementor-cta--skin-classic elementor-animated-content elementor-widget elementor-widget-call-to-action\" data-id=\"653d048d\" data-element_type=\"widget\" data-widget_type=\"call-to-action.default\">\n\t\t\t\t<div class=\"elementor-widget-container\">\n\t\t\t\t\t\t\t<div class=\"elementor-cta\">\n\t\t\t\t\t<div class=\"elementor-cta__bg-wrapper\">\n\t\t\t\t<div class=\"elementor-cta__bg elementor-bg\" style=\"background-image: url(https:\/\/inmoyang.eu\/wp-content\/uploads\/2025\/10\/Diseno-sin-titulo.jpg);\" role=\"img\" aria-label=\"Dise\u00f1o sin t\u00edtulo\"><\/div>\n\t\t\t\t<div class=\"elementor-cta__bg-overlay\"><\/div>\n\t\t\t<\/div>\n\t\t\t\t\t\t\t<div class=\"elementor-cta__content\">\n\t\t\t\t\n\t\t\t\t\t\t\t\t\t<h2 class=\"elementor-cta__title elementor-cta__content-item elementor-content-item\">\n\t\t\t\t\t\t\"We help you make the right decision to increase your earnings and wealth.\"\t\t\t\t\t<\/h2>\n\t\t\t\t\n\t\t\t\t\t\t\t\t\t<div class=\"elementor-cta__description elementor-cta__content-item elementor-content-item\">\n\t\t\t\t\t\tDavid Ari\u00f1o\t\t\t\t\t<\/div>\n\t\t\t\t\n\t\t\t\t\t\t\t<\/div>\n\t\t\t\t\t\t<\/div>\n\t\t\t\t\t\t<\/div>\n\t\t\t\t<\/div>\n\t\t\t\t<\/div>\n\t\t<div class=\"elementor-element elementor-element-5ce60f6a e-con-full e-flex e-con e-child\" data-id=\"5ce60f6a\" data-element_type=\"container\">\n\t\t\t\t<div class=\"elementor-element elementor-element-129c63e4 elementor-widget elementor-widget-heading\" data-id=\"129c63e4\" data-element_type=\"widget\" data-widget_type=\"heading.default\">\n\t\t\t\t<div class=\"elementor-widget-container\">\n\t\t\t\t\t<h3 class=\"elementor-heading-title elementor-size-default\">understand the market<\/h3>\t\t\t\t<\/div>\n\t\t\t\t<\/div>\n\t\t\t\t<div class=\"elementor-element elementor-element-60556a40 elementor-widget elementor-widget-text-editor\" data-id=\"60556a40\" data-element_type=\"widget\" data-widget_type=\"text-editor.default\">\n\t\t\t\t<div class=\"elementor-widget-container\">\n\t\t\t\t\t\t\t\t\t<p><strong>David y Yuwen<\/strong> entienden que tipo de negocio buscan los chinos, como trabajan y la m\u00e1xima cantidad de dinero que pagar\u00edan por el traspaso.<\/p>\t\t\t\t\t\t\t\t<\/div>\n\t\t\t\t<\/div>\n\t\t\t\t<div class=\"elementor-element elementor-element-714a36f5 elementor-widget elementor-widget-spacer\" data-id=\"714a36f5\" data-element_type=\"widget\" data-widget_type=\"spacer.default\">\n\t\t\t\t<div class=\"elementor-widget-container\">\n\t\t\t\t\t\t\t<div class=\"elementor-spacer\">\n\t\t\t<div class=\"elementor-spacer-inner\"><\/div>\n\t\t<\/div>\n\t\t\t\t\t\t<\/div>\n\t\t\t\t<\/div>\n\t\t\t\t<div class=\"elementor-element elementor-element-56abbfc2 elementor-widget elementor-widget-heading\" data-id=\"56abbfc2\" data-element_type=\"widget\" data-widget_type=\"heading.default\">\n\t\t\t\t<div class=\"elementor-widget-container\">\n\t\t\t\t\t<h3 class=\"elementor-heading-title elementor-size-default\">Building people's dreams<\/h3>\t\t\t\t<\/div>\n\t\t\t\t<\/div>\n\t\t\t\t<div class=\"elementor-element elementor-element-3988f95e elementor-widget elementor-widget-text-editor\" data-id=\"3988f95e\" data-element_type=\"widget\" data-widget_type=\"text-editor.default\">\n\t\t\t\t<div class=\"elementor-widget-container\">\n\t\t\t\t\t\t\t\t\t<p><strong>David y Yuwen<\/strong> cada mes ayudan a varios propietarios de negocios a jubilarse por la mayor cantidad posible de dinero gracias a los compradores chinos.<\/p>\t\t\t\t\t\t\t\t<\/div>\n\t\t\t\t<\/div>\n\t\t\t\t<div class=\"elementor-element elementor-element-151ae7d2 elementor-widget elementor-widget-spacer\" data-id=\"151ae7d2\" data-element_type=\"widget\" data-widget_type=\"spacer.default\">\n\t\t\t\t<div class=\"elementor-widget-container\">\n\t\t\t\t\t\t\t<div class=\"elementor-spacer\">\n\t\t\t<div class=\"elementor-spacer-inner\"><\/div>\n\t\t<\/div>\n\t\t\t\t\t\t<\/div>\n\t\t\t\t<\/div>\n\t\t\t\t<div class=\"elementor-element elementor-element-6b46ed4e elementor-widget elementor-widget-heading\" data-id=\"6b46ed4e\" data-element_type=\"widget\" data-widget_type=\"heading.default\">\n\t\t\t\t<div class=\"elementor-widget-container\">\n\t\t\t\t\t<h3 class=\"elementor-heading-title elementor-size-default\">Work hard to succeed<\/h3>\t\t\t\t<\/div>\n\t\t\t\t<\/div>\n\t\t\t\t<div class=\"elementor-element elementor-element-48815d4 elementor-widget elementor-widget-text-editor\" data-id=\"48815d4\" data-element_type=\"widget\" data-widget_type=\"text-editor.default\">\n\t\t\t\t<div class=\"elementor-widget-container\">\n\t\t\t\t\t\t\t\t\t<p>Operaciones en semanas desde que se entrega la exclusividad, operaciones al mejor en precio en tiempo r\u00e9cord!<\/p>\t\t\t\t\t\t\t\t<\/div>\n\t\t\t\t<\/div>\n\t\t\t\t<\/div>\n\t\t\t\t<\/div>\n\t\t\t\t<\/div>\n\t\t\t\t<\/div>\n\t\t<div class=\"elementor-element elementor-element-3b8fbc14 e-con-full e-flex e-con e-parent\" data-id=\"3b8fbc14\" data-element_type=\"container\" data-settings=\"{&quot;background_background&quot;:&quot;gradient&quot;}\">\n\t\t<div class=\"elementor-element elementor-element-6b47f96 e-con-full e-flex e-con e-child\" data-id=\"6b47f96\" data-element_type=\"container\" data-settings=\"{&quot;background_background&quot;:&quot;classic&quot;}\">\n\t\t<div class=\"elementor-element elementor-element-1ef2b451 e-flex e-con-boxed e-con e-child\" data-id=\"1ef2b451\" data-element_type=\"container\" data-settings=\"{&quot;background_background&quot;:&quot;classic&quot;}\">\n\t\t\t\t\t<div class=\"e-con-inner\">\n\t\t\t\t<div class=\"elementor-element elementor-element-e909e8b elementor-widget elementor-widget-heading\" data-id=\"e909e8b\" data-element_type=\"widget\" data-widget_type=\"heading.default\">\n\t\t\t\t<div class=\"elementor-widget-container\">\n\t\t\t\t\t<h2 class=\"elementor-heading-title elementor-size-default\">EQUIPO QUE PUEDEN HABLAR EN CHINO<\/h2>\t\t\t\t<\/div>\n\t\t\t\t<\/div>\n\t\t\t\t\t<\/div>\n\t\t\t\t<\/div>\n\t\t<div class=\"elementor-element elementor-element-15eef3d7 e-con-full e-flex e-con e-child\" data-id=\"15eef3d7\" data-element_type=\"container\">\n\t\t<div class=\"elementor-element elementor-element-73b722d0 e-con-full e-flex e-con e-child\" data-id=\"73b722d0\" data-element_type=\"container\">\n\t\t\t\t<div class=\"elementor-element elementor-element-1604e7bf elementor-cta--valign-middle elementor-cta--skin-classic elementor-animated-content elementor-bg-transform elementor-bg-transform-zoom-in elementor-widget elementor-widget-call-to-action\" data-id=\"1604e7bf\" data-element_type=\"widget\" data-widget_type=\"call-to-action.default\">\n\t\t\t\t<div class=\"elementor-widget-container\">\n\t\t\t\t\t\t\t<div class=\"elementor-cta\">\n\t\t\t\t\t<div class=\"elementor-cta__bg-wrapper\">\n\t\t\t\t<div class=\"elementor-cta__bg elementor-bg\" style=\"background-image: url(https:\/\/inmoyang.eu\/wp-content\/uploads\/2025\/01\/ORDENADOR-DAVID-2-scaled-e1716220110572-2.jpg);\" role=\"img\" aria-label=\"ORDENADOR-DAVID-2-scaled-e1716220110572 (2)\"><\/div>\n\t\t\t\t<div class=\"elementor-cta__bg-overlay\"><\/div>\n\t\t\t<\/div>\n\t\t\t\t\t\t\t<div class=\"elementor-cta__content\">\n\t\t\t\t\n\t\t\t\t\t\t\t\t\t<h3 class=\"elementor-cta__title elementor-cta__content-item elementor-content-item\">\n\t\t\t\t\t\tDavid Ari\u00f1o\t\t\t\t\t<\/h3>\n\t\t\t\t\n\t\t\t\t\t\t\t\t\t<div class=\"elementor-cta__description elementor-cta__content-item elementor-content-item\">\n\t\t\t\t\t\tAgent\t\t\t\t\t<\/div>\n\t\t\t\t\n\t\t\t\t\t\t\t<\/div>\n\t\t\t\t\t\t<\/div>\n\t\t\t\t\t\t<\/div>\n\t\t\t\t<\/div>\n\t\t\t\t<\/div>\n\t\t<div class=\"elementor-element elementor-element-363716c7 e-con-full e-flex e-con e-child\" data-id=\"363716c7\" data-element_type=\"container\">\n\t\t\t\t<div class=\"elementor-element elementor-element-16295eb4 elementor-cta--valign-middle elementor-cta--skin-classic elementor-animated-content elementor-bg-transform elementor-bg-transform-zoom-in elementor-widget elementor-widget-call-to-action\" data-id=\"16295eb4\" data-element_type=\"widget\" data-widget_type=\"call-to-action.default\">\n\t\t\t\t<div class=\"elementor-widget-container\">\n\t\t\t\t\t\t\t<div class=\"elementor-cta\">\n\t\t\t\t\t<div class=\"elementor-cta__bg-wrapper\">\n\t\t\t\t<div class=\"elementor-cta__bg elementor-bg\" style=\"background-image: url(https:\/\/inmoyang.eu\/wp-content\/uploads\/2025\/01\/ORDENADOR-YUWEN-3-2-scaled-2.jpg);\" role=\"img\" aria-label=\"COMPUTER-YUWEN-3-2-2-scaled (2)\"><\/div>\n\t\t\t\t<div class=\"elementor-cta__bg-overlay\"><\/div>\n\t\t\t<\/div>\n\t\t\t\t\t\t\t<div class=\"elementor-cta__content\">\n\t\t\t\t\n\t\t\t\t\t\t\t\t\t<h3 class=\"elementor-cta__title elementor-cta__content-item elementor-content-item\">\n\t\t\t\t\t\tYuwen Yang\t\t\t\t\t<\/h3>\n\t\t\t\t\n\t\t\t\t\t\t\t\t\t<div class=\"elementor-cta__description elementor-cta__content-item elementor-content-item\">\n\t\t\t\t\t\tAgent\t\t\t\t\t<\/div>\n\t\t\t\t\n\t\t\t\t\t\t\t<\/div>\n\t\t\t\t\t\t<\/div>\n\t\t\t\t\t\t<\/div>\n\t\t\t\t<\/div>\n\t\t\t\t<\/div>\n\t\t<div class=\"elementor-element elementor-element-098e497 e-con-full e-flex e-con e-child\" data-id=\"098e497\" data-element_type=\"container\">\n\t\t\t\t<div class=\"elementor-element elementor-element-43f5309 elementor-cta--valign-middle elementor-cta--skin-classic elementor-animated-content elementor-bg-transform elementor-bg-transform-zoom-in elementor-widget elementor-widget-call-to-action\" data-id=\"43f5309\" data-element_type=\"widget\" data-widget_type=\"call-to-action.default\">\n\t\t\t\t<div class=\"elementor-widget-container\">\n\t\t\t\t\t\t\t<div class=\"elementor-cta\">\n\t\t\t\t\t<div class=\"elementor-cta__bg-wrapper\">\n\t\t\t\t<div class=\"elementor-cta__bg elementor-bg\" style=\"background-image: url(https:\/\/inmoyang.eu\/wp-content\/uploads\/2025\/10\/Gemini_Generated_Image_1gdpq31gdpq31gdp.png);\" role=\"img\" aria-label=\"Gemini_Generated_Image_1gdpq31gdpq31gdp\"><\/div>\n\t\t\t\t<div class=\"elementor-cta__bg-overlay\"><\/div>\n\t\t\t<\/div>\n\t\t\t\t\t\t\t<div class=\"elementor-cta__content\">\n\t\t\t\t\n\t\t\t\t\t\t\t\t\t<h3 class=\"elementor-cta__title elementor-cta__content-item elementor-content-item\">\n\t\t\t\t\t\tCollaborators\t\t\t\t\t<\/h3>\n\t\t\t\t\n\t\t\t\t\n\t\t\t\t\t\t\t<\/div>\n\t\t\t\t\t\t<\/div>\n\t\t\t\t\t\t<\/div>\n\t\t\t\t<\/div>\n\t\t\t\t<\/div>\n\t\t\t\t<\/div>\n\t\t\t\t<\/div>\n\t\t\t\t<\/div>\n\t\t\t\t<\/div>","protected":false},"excerpt":{"rendered":"<p>TU AGENCIA INMOBILIARIA Expertos En Traspasos y Venta de Locales con Negocio \u201cTe ayudamos a tomar la decisi\u00f3n correcta para incrementar tus ganancias y patrimonio.\u201d David Ari\u00f1o entender el mercado David y Yuwen entienden que tipo de negocio buscan los chinos, como trabajan y la m\u00e1xima cantidad de dinero que pagar\u00edan por el traspaso. Construir [&hellip;]<\/p>","protected":false},"author":2,"featured_media":0,"parent":0,"menu_order":0,"comment_status":"closed","ping_status":"closed","template":"elementor_header_footer","meta":{"footnotes":""},"class_list":["post-621","page","type-page","status-publish","hentry"],"yoast_head":"<!-- This site is optimized with the Yoast SEO plugin v24.1 - https:\/\/yoast.com\/wordpress\/plugins\/seo\/ -->\n<title>Mercado Chino - inmoyang.eu<\/title>\n<meta name=\"robots\" content=\"index, follow, max-snippet:-1, max-image-preview:large, max-video-preview:-1\" \/>\n<link rel=\"canonical\" href=\"https:\/\/inmoyang.eu\/en\/mercado-chino\/\" \/>\n<meta property=\"og:locale\" content=\"en_US\" \/>\n<meta property=\"og:type\" content=\"article\" \/>\n<meta property=\"og:title\" content=\"Mercado Chino - inmoyang.eu\" \/>\n<meta property=\"og:description\" content=\"TU AGENCIA INMOBILIARIA Expertos En Traspasos y Venta de Locales con Negocio \u201cTe ayudamos a tomar la decisi\u00f3n correcta para incrementar tus ganancias y patrimonio.\u201d David Ari\u00f1o entender el mercado David y Yuwen entienden que tipo de negocio buscan los chinos, como trabajan y la m\u00e1xima cantidad de dinero que pagar\u00edan por el traspaso. Construir [&hellip;]\" \/>\n<meta property=\"og:url\" content=\"https:\/\/inmoyang.eu\/en\/mercado-chino\/\" \/>\n<meta property=\"og:site_name\" content=\"inmoyang.eu\" \/>\n<meta property=\"article:modified_time\" content=\"2025-10-25T17:11:29+00:00\" \/>\n<meta property=\"og:image\" content=\"https:\/\/inmoyang.eu\/wp-content\/uploads\/2025\/01\/transparenteL-rectangular.png\" \/>\n\t<meta property=\"og:image:width\" content=\"1080\" \/>\n\t<meta property=\"og:image:height\" content=\"600\" \/>\n\t<meta property=\"og:image:type\" content=\"image\/png\" \/>\n<meta name=\"twitter:card\" content=\"summary_large_image\" \/>\n<meta name=\"twitter:label1\" content=\"Est. reading time\" \/>\n\t<meta name=\"twitter:data1\" content=\"1 minute\" \/>\n<script type=\"application\/ld+json\" class=\"yoast-schema-graph\">{\"@context\":\"https:\/\/schema.org\",\"@graph\":[{\"@type\":\"WebPage\",\"@id\":\"https:\/\/inmoyang.eu\/mercado-chino\/\",\"url\":\"https:\/\/inmoyang.eu\/mercado-chino\/\",\"name\":\"Mercado Chino - inmoyang.eu\",\"isPartOf\":{\"@id\":\"https:\/\/inmoyang.eu\/#website\"},\"primaryImageOfPage\":{\"@id\":\"https:\/\/inmoyang.eu\/mercado-chino\/#primaryimage\"},\"image\":{\"@id\":\"https:\/\/inmoyang.eu\/mercado-chino\/#primaryimage\"},\"thumbnailUrl\":\"https:\/\/inmoyang.eu\/wp-content\/uploads\/2025\/01\/transparenteL-rectangular-1024x569.png\",\"datePublished\":\"2025-10-22T02:30:23+00:00\",\"dateModified\":\"2025-10-25T17:11:29+00:00\",\"breadcrumb\":{\"@id\":\"https:\/\/inmoyang.eu\/mercado-chino\/#breadcrumb\"},\"inLanguage\":\"en-US\",\"potentialAction\":[{\"@type\":\"ReadAction\",\"target\":[\"https:\/\/inmoyang.eu\/mercado-chino\/\"]}]},{\"@type\":\"ImageObject\",\"inLanguage\":\"en-US\",\"@id\":\"https:\/\/inmoyang.eu\/mercado-chino\/#primaryimage\",\"url\":\"https:\/\/inmoyang.eu\/wp-content\/uploads\/2025\/01\/transparenteL-rectangular-1024x569.png\",\"contentUrl\":\"https:\/\/inmoyang.eu\/wp-content\/uploads\/2025\/01\/transparenteL-rectangular-1024x569.png\"},{\"@type\":\"BreadcrumbList\",\"@id\":\"https:\/\/inmoyang.eu\/mercado-chino\/#breadcrumb\",\"itemListElement\":[{\"@type\":\"ListItem\",\"position\":1,\"name\":\"Home\",\"item\":\"https:\/\/inmoyang.eu\/\"},{\"@type\":\"ListItem\",\"position\":2,\"name\":\"Mercado Chino\"}]},{\"@type\":\"WebSite\",\"@id\":\"https:\/\/inmoyang.eu\/#website\",\"url\":\"https:\/\/inmoyang.eu\/\",\"name\":\"inmoyang.eu\",\"description\":\"\",\"publisher\":{\"@id\":\"https:\/\/inmoyang.eu\/#organization\"},\"potentialAction\":[{\"@type\":\"SearchAction\",\"target\":{\"@type\":\"EntryPoint\",\"urlTemplate\":\"https:\/\/inmoyang.eu\/?s={search_term_string}\"},\"query-input\":{\"@type\":\"PropertyValueSpecification\",\"valueRequired\":true,\"valueName\":\"search_term_string\"}}],\"inLanguage\":\"en-US\"},{\"@type\":\"Organization\",\"@id\":\"https:\/\/inmoyang.eu\/#organization\",\"name\":\"inmoyang.eu\",\"url\":\"https:\/\/inmoyang.eu\/\",\"logo\":{\"@type\":\"ImageObject\",\"inLanguage\":\"en-US\",\"@id\":\"https:\/\/inmoyang.eu\/#\/schema\/logo\/image\/\",\"url\":\"https:\/\/inmoyang.eu\/wp-content\/uploads\/2025\/01\/transparenteL-rectangular.png\",\"contentUrl\":\"https:\/\/inmoyang.eu\/wp-content\/uploads\/2025\/01\/transparenteL-rectangular.png\",\"width\":1080,\"height\":600,\"caption\":\"inmoyang.eu\"},\"image\":{\"@id\":\"https:\/\/inmoyang.eu\/#\/schema\/logo\/image\/\"}}]}<\/script>\n<!-- \/ Yoast SEO plugin. -->","yoast_head_json":{"title":"Mercado Chino - inmoyang.eu","robots":{"index":"index","follow":"follow","max-snippet":"max-snippet:-1","max-image-preview":"max-image-preview:large","max-video-preview":"max-video-preview:-1"},"canonical":"https:\/\/inmoyang.eu\/en\/mercado-chino\/","og_locale":"en_US","og_type":"article","og_title":"Mercado Chino - inmoyang.eu","og_description":"TU AGENCIA INMOBILIARIA Expertos En Traspasos y Venta de Locales con Negocio \u201cTe ayudamos a tomar la decisi\u00f3n correcta para incrementar tus ganancias y patrimonio.\u201d David Ari\u00f1o entender el mercado David y Yuwen entienden que tipo de negocio buscan los chinos, como trabajan y la m\u00e1xima cantidad de dinero que pagar\u00edan por el traspaso. Construir [&hellip;]","og_url":"https:\/\/inmoyang.eu\/en\/mercado-chino\/","og_site_name":"inmoyang.eu","article_modified_time":"2025-10-25T17:11:29+00:00","og_image":[{"width":1080,"height":600,"url":"https:\/\/inmoyang.eu\/wp-content\/uploads\/2025\/01\/transparenteL-rectangular.png","type":"image\/png"}],"twitter_card":"summary_large_image","twitter_misc":{"Est. reading time":"1 minute"},"schema":{"@context":"https:\/\/schema.org","@graph":[{"@type":"WebPage","@id":"https:\/\/inmoyang.eu\/mercado-chino\/","url":"https:\/\/inmoyang.eu\/mercado-chino\/","name":"Mercado Chino - inmoyang.eu","isPartOf":{"@id":"https:\/\/inmoyang.eu\/#website"},"primaryImageOfPage":{"@id":"https:\/\/inmoyang.eu\/mercado-chino\/#primaryimage"},"image":{"@id":"https:\/\/inmoyang.eu\/mercado-chino\/#primaryimage"},"thumbnailUrl":"https:\/\/inmoyang.eu\/wp-content\/uploads\/2025\/01\/transparenteL-rectangular-1024x569.png","datePublished":"2025-10-22T02:30:23+00:00","dateModified":"2025-10-25T17:11:29+00:00","breadcrumb":{"@id":"https:\/\/inmoyang.eu\/mercado-chino\/#breadcrumb"},"inLanguage":"en-US","potentialAction":[{"@type":"ReadAction","target":["https:\/\/inmoyang.eu\/mercado-chino\/"]}]},{"@type":"ImageObject","inLanguage":"en-US","@id":"https:\/\/inmoyang.eu\/mercado-chino\/#primaryimage","url":"https:\/\/inmoyang.eu\/wp-content\/uploads\/2025\/01\/transparenteL-rectangular-1024x569.png","contentUrl":"https:\/\/inmoyang.eu\/wp-content\/uploads\/2025\/01\/transparenteL-rectangular-1024x569.png"},{"@type":"BreadcrumbList","@id":"https:\/\/inmoyang.eu\/mercado-chino\/#breadcrumb","itemListElement":[{"@type":"ListItem","position":1,"name":"Home","item":"https:\/\/inmoyang.eu\/"},{"@type":"ListItem","position":2,"name":"Mercado Chino"}]},{"@type":"WebSite","@id":"https:\/\/inmoyang.eu\/#website","url":"https:\/\/inmoyang.eu\/","name":"inmoyang.eu","description":"","publisher":{"@id":"https:\/\/inmoyang.eu\/#organization"},"potentialAction":[{"@type":"SearchAction","target":{"@type":"EntryPoint","urlTemplate":"https:\/\/inmoyang.eu\/?s={search_term_string}"},"query-input":{"@type":"PropertyValueSpecification","valueRequired":true,"valueName":"search_term_string"}}],"inLanguage":"en-US"},{"@type":"Organization","@id":"https:\/\/inmoyang.eu\/#organization","name":"inmoyang.eu","url":"https:\/\/inmoyang.eu\/","logo":{"@type":"ImageObject","inLanguage":"en-US","@id":"https:\/\/inmoyang.eu\/#\/schema\/logo\/image\/","url":"https:\/\/inmoyang.eu\/wp-content\/uploads\/2025\/01\/transparenteL-rectangular.png","contentUrl":"https:\/\/inmoyang.eu\/wp-content\/uploads\/2025\/01\/transparenteL-rectangular.png","width":1080,"height":600,"caption":"inmoyang.eu"},"image":{"@id":"https:\/\/inmoyang.eu\/#\/schema\/logo\/image\/"}}]}},"_links":{"self":[{"href":"https:\/\/inmoyang.eu\/en\/wp-json\/wp\/v2\/pages\/621","targetHints":{"allow":["GET"]}}],"collection":[{"href":"https:\/\/inmoyang.eu\/en\/wp-json\/wp\/v2\/pages"}],"about":[{"href":"https:\/\/inmoyang.eu\/en\/wp-json\/wp\/v2\/types\/page"}],"author":[{"embeddable":true,"href":"https:\/\/inmoyang.eu\/en\/wp-json\/wp\/v2\/users\/2"}],"replies":[{"embeddable":true,"href":"https:\/\/inmoyang.eu\/en\/wp-json\/wp\/v2\/comments?post=621"}],"version-history":[{"count":7,"href":"https:\/\/inmoyang.eu\/en\/wp-json\/wp\/v2\/pages\/621\/revisions"}],"predecessor-version":[{"id":641,"href":"https:\/\/inmoyang.eu\/en\/wp-json\/wp\/v2\/pages\/621\/revisions\/641"}],"wp:attachment":[{"href":"https:\/\/inmoyang.eu\/en\/wp-json\/wp\/v2\/media?parent=621"}],"curies":[{"name":"wp","href":"https:\/\/api.w.org\/{rel}","templated":true}]}}